{"id":246,"date":"2018-12-25T02:41:21","date_gmt":"2018-12-25T02:41:21","guid":{"rendered":"https:\/\/demo.casethemes.net\/lawsight\/?page_id=246"},"modified":"2021-11-10T07:47:47","modified_gmt":"2021-11-10T07:47:47","slug":"about-us","status":"publish","type":"page","link":"https:\/\/sggs.pl\/index.php\/about-us\/","title":{"rendered":"O Nas"},"content":{"rendered":"<p>[vc_row full_width=&#8221;stretch_row_content_no_spaces&#8221; content_placement=&#8221;middle&#8221; css=&#8221;.vc_custom_1551717048729{padding-top: 118px !important;padding-bottom: 103px !important;}&#8221;][vc_column ct_column_class=&#8221;rm-padding-lg&#8221; ct_column_offset=&#8221;col-offset-left&#8221; css=&#8221;.vc_custom_1551625642296{padding-top: 0px !important;}&#8221; offset=&#8221;vc_col-lg-6 vc_col-md-6&#8243;][ct_space space_lg=&#8221;46&#8243; space_md=&#8221;46&#8243; space_sm=&#8221;0&#8243; space_xs=&#8221;0&#8243;][ct_heading text=&#8221;Nazwa SGGS Tax &amp; Legal Radcowie Prawni i Doradcy Podatkowi&#8221; font_size_sm=&#8221;24&#8243; font_size_xs=&#8221;24&#8243; font_weight=&#8221;&#8221; show_gap=&#8221;show&#8221; subtitle=&#8221;About us&#8221; description_font_weight=&#8221;inherit&#8221; margin_bottom=&#8221;0&#8243;][vc_column_text css=&#8221;.vc_custom_1636530400854{margin-top: 37px !important;margin-bottom: 40px !important;}&#8221; el_class=&#8221;text-block1&#8243;]Jeste\u015bmy zespo\u0142em radc\u00f3w prawnych oraz doradc\u00f3w podatkowych zajmuj\u0105cym si\u0119 profesjonalnym doradztwem prawnym i podatkowym na rzecz podmiot\u00f3w prawa gospodarczego.<\/p>\n<p>Nasze us\u0142ugi skierowane s\u0105 zar\u00f3wno na rzecz przedsi\u0119biorc\u00f3w polskich jak i zagranicznych. Szczeg\u00f3lnym obszarem oferowanej dzia\u0142alno\u015bci s\u0105 wszelkie sprawy zwi\u0105zane z podatkiem VAT, kt\u00f3ry to stanowi ponad 50% dochod\u00f3w podatkowych skarbu pa\u0144stwa, jak r\u00f3wnie\u017c podatki dochodowe (PIT, CIT) i maj\u0105tkowe (w tym cz\u0119sto niedoceniany podatek od nieruchomo\u015bci).<\/p>\n<p>Nasz zesp\u00f3\u0142 zdobywa\u0142 do\u015bwiadczenie w najwi\u0119kszych kancelariach w kraju oraz instytucjach publicznych, zatem doskonale jest nam znany obszar obu stron podatkowej barykady.[\/vc_column_text][vc_row_inner][vc_column_inner ct_column_inner_class=&#8221;rm-padding-md&#8221; offset=&#8221;vc_col-lg-6 vc_col-md-6&#8243; css=&#8221;.vc_custom_1547049514691{padding-right: 0px !important;}&#8221;][vc_column_text css=&#8221;.vc_custom_1547049939165{margin-bottom: 33px !important;}&#8221;]<\/p>\n<ul class=\"list-arrow\">\n<li>Praesent feugiat sem mattis.<\/li>\n<li>Premium services beyond you.<\/li>\n<\/ul>\n<p>[\/vc_column_text][\/vc_column_inner][vc_column_inner ct_column_inner_class=&#8221;rm-padding-md&#8221; offset=&#8221;vc_col-lg-6 vc_col-md-6&#8243; css=&#8221;.vc_custom_1547049521680{padding-right: 0px !important;}&#8221;][vc_column_text css=&#8221;.vc_custom_1547049934864{margin-bottom: 33px !important;}&#8221;]<\/p>\n<ul class=\"list-arrow\">\n<li>A wonderful serenity.<\/li>\n<li>Set a link back to this photo.<\/li>\n<\/ul>\n<p>[\/vc_column_text][\/vc_column_inner][\/vc_row_inner][ct_space space_lg=&#8221;0&#8243; space_md=&#8221;0&#8243; space_sm=&#8221;35&#8243; space_xs=&#8221;35&#8243;][\/vc_column][vc_column css_animation=&#8221;fadeInRight&#8221; ct_column_class=&#8221;rm-padding-lg&#8221; css=&#8221;.vc_custom_1551949279230{padding-top: 0px !important;padding-left: 45px !important;}&#8221; offset=&#8221;vc_col-lg-6 vc_col-md-6&#8243;][ct_box_background_image bg_image=&#8221;1559&#8243; box_height=&#8221;551&#8243; box_height_mobile=&#8221;350&#8243;][\/vc_column][\/vc_row][vc_row][vc_column css=&#8221;.vc_custom_1551717040900{padding-top: 0px !important;padding-bottom: 0px !important;}&#8221;][ct_process ct_process_list=&#8221;%5B%7B%22year%22%3A%222016%22%2C%22title%22%3A%22Started%20Journey%22%2C%22description%22%3A%22Lorem%20ipsum%20dolor%20sit%20amet%2C%20con%20sectetuer%20adipiscing%20elit.%20Aenean%20commodo%20ligula%20eget%20dolor.%22%7D%2C%7B%22year%22%3A%222017%22%2C%22title%22%3A%22We%20employed%20lawyers%22%2C%22description%22%3A%22Lorem%20ipsum%20dolor%20sit%20amet%2C%20con%20sectetuer%20adipiscing%20elit.%20Aenean%20commodo%20ligula%20eget%20dolor.%22%7D%2C%7B%22year%22%3A%222018%22%2C%22title%22%3A%22Winning%20best%20awards%22%2C%22description%22%3A%22Lorem%20ipsum%20dolor%20sit%20amet%2C%20con%20sectetuer%20adipiscing%20elit.%20Aenean%20commodo%20ligula%20eget%20dolor.%22%7D%2C%7B%22year%22%3A%222019%22%2C%22title%22%3A%22Improved%20team%22%2C%22description%22%3A%22Lorem%20ipsum%20dolor%20sit%20amet%2C%20con%20sectetuer%20adipiscing%20elit.%20Aenean%20commodo%20ligula%20eget%20dolor.%22%7D%5D&#8221;][\/vc_column][\/vc_row][vc_row css=&#8221;.vc_custom_1551718146381{padding-top: 70px !important;}&#8221;][vc_column width=&#8221;1\/2&#8243; css=&#8221;.vc_custom_1551718151407{padding-top: 0px !important;}&#8221;][ct_heading text=&#8221;We feel very proud for our<br \/>\ngreat <cite>achievement<\/cite>&#8221; font_size_sm=&#8221;24&#8243; font_size_xs=&#8221;24&#8243; font_weight=&#8221;&#8221; show_gap=&#8221;show&#8221; subtitle=&#8221;Fun fact&#8221; description_font_weight=&#8221;inherit&#8221; margin_bottom=&#8221;0&#8243;][\/vc_column][vc_column width=&#8221;1\/4&#8243; css=&#8221;.vc_custom_1551718205644{padding-top: 41px !important;}&#8221;][vc_column_text el_class=&#8221;text-block1&#8243; css=&#8221;.vc_custom_1551718079298{margin-bottom: 0px !important;padding-bottom: 0px !important;}&#8221;]Aenean tincidunt id mauris idology auctor. Donec at ligula lacus. Nulla dignissimmi quis neque interdum.[\/vc_column_text][\/vc_column][vc_column width=&#8221;1\/4&#8243; css=&#8221;.vc_custom_1551718209543{padding-top: 41px !important;}&#8221;][vc_column_text el_class=&#8221;text-block1&#8243; css=&#8221;.vc_custom_1551718093394{margin-bottom: 0px !important;padding-bottom: 0px !important;}&#8221;]Aenean tincidunt id mauris idology auctor. Donec at ligula lacus. digni ssimmi quis.[\/vc_column_text][\/vc_column][\/vc_row][vc_row][vc_column css=&#8221;.vc_custom_1551749121772{padding-top: 56px !important;padding-bottom: 120px !important;}&#8221;][vc_row_inner][vc_column_inner width=&#8221;1\/2&#8243; css=&#8221;.vc_custom_1551755378373{padding-top: 30px !important;}&#8221; offset=&#8221;vc_col-lg-3 vc_col-md-3&#8243; animation_column=&#8221;fadeInUp&#8221;][ct_counter title=&#8221;Completed works&#8221; digit=&#8221;1825&#8243; suffix=&#8221;+&#8221;][\/vc_column_inner][vc_column_inner width=&#8221;1\/2&#8243; css=&#8221;.vc_custom_1551755386933{padding-top: 30px !important;}&#8221; offset=&#8221;vc_col-lg-3 vc_col-md-3&#8243; animation_column=&#8221;fadeInUp&#8221;][ct_counter style=&#8221;style2&#8243; title=&#8221;Satisfied clients&#8221; digit=&#8221;532&#8243; suffix=&#8221;+&#8221;][\/vc_column_inner][vc_column_inner width=&#8221;1\/2&#8243; css=&#8221;.vc_custom_1551755396229{padding-top: 30px !important;}&#8221; offset=&#8221;vc_col-lg-3 vc_col-md-3&#8243; animation_column=&#8221;fadeInUp&#8221;][ct_counter title=&#8221;Winning awards&#8221; digit=&#8221;69&#8243; prefix=&#8221;+&#8221;][\/vc_column_inner][vc_column_inner width=&#8221;1\/2&#8243; css=&#8221;.vc_custom_1551755404431{padding-top: 30px !important;}&#8221; offset=&#8221;vc_col-lg-3 vc_col-md-3&#8243; animation_column=&#8221;fadeInUp&#8221;][ct_counter style=&#8221;style2&#8243; title=&#8221;Team members&#8221; digit=&#8221;32&#8243; prefix=&#8221;+&#8221;][\/vc_column_inner][\/vc_row_inner][\/vc_column][\/vc_row][vc_row full_width=&#8221;stretch_row&#8221; ct_row_class=&#8221;row-visible&#8221; css=&#8221;.vc_custom_1551751369013{background-color: #191514 !important;}&#8221;][vc_column css=&#8221;.vc_custom_1551752374482{padding-top: 112px !important;}&#8221;][vc_row_inner][vc_column_inner width=&#8221;1\/2&#8243; css=&#8221;.vc_custom_1551751394707{padding-top: 0px !important;}&#8221;][ct_heading text=&#8221;You will introduce with our<br \/>\nexpert team <cite>member<\/cite>&#8221; font_size_sm=&#8221;24&#8243; font_size_xs=&#8221;24&#8243; font_weight=&#8221;&#8221; text_color=&#8221;#ffffff&#8221; show_gap=&#8221;show&#8221; subtitle=&#8221;Team member&#8221; description_font_weight=&#8221;inherit&#8221; margin_bottom=&#8221;0&#8243;][\/vc_column_inner][vc_column_inner width=&#8221;1\/2&#8243; css=&#8221;.vc_custom_1551751389933{padding-top: 41px !important;}&#8221;][ct_heading text=&#8221;Aenean tincidunt id mauris idology auctor. Donec at ligula lacus. Nulla dig nissimmi quis neque interdum. An Ohio man allegedly punched his lawyer in the face in court Tuesday upon finding out he was sentenced.&#8221; tag=&#8221;div&#8221; font_weight=&#8221;&#8221; text_color=&#8221;#999999&#8243; description_font_weight=&#8221;inherit&#8221; margin_bottom=&#8221;0&#8243;][\/vc_column_inner][\/vc_row_inner][vc_row_inner][vc_column_inner css=&#8221;.vc_custom_1551754216729{margin-bottom: -59px !important;padding-top: 62px !important;}&#8221;][ct_team_carousel content_list=&#8221;%5B%7B%22image%22%3A%221584%22%2C%22title%22%3A%22Jonson%20Leo%22%2C%22position%22%3A%22Civil%20Lawyer%22%2C%22item_link%22%3A%22url%3Ahttp%253A%252F%252Flocalhost%252Fctthemes%252Flawsight%252Fteam-details%252F%7Ctitle%3ATeam%2520Details%7C%7C%22%2C%22social%22%3A%22%255B%257B%2522icon%2522%253A%2522fa%2520fa-facebook%2522%252C%2522social_link%2522%253A%2522%2523%2522%257D%252C%257B%2522icon%2522%253A%2522fa%2520fa-dribbble%2522%252C%2522social_link%2522%253A%2522%2523%2522%257D%252C%257B%2522icon%2522%253A%2522fa%2520fa-twitter%2522%252C%2522social_link%2522%253A%2522%2523%2522%257D%252C%257B%2522icon%2522%253A%2522fa%2520fa-google-plus%2522%252C%2522social_link%2522%253A%2522%2523%2522%257D%255D%22%7D%2C%7B%22image%22%3A%221585%22%2C%22title%22%3A%22Mostafa%20Amin%22%2C%22position%22%3A%22Family%20Lawyer%20%22%2C%22item_link%22%3A%22url%3Ahttp%253A%252F%252Flocalhost%252Fctthemes%252Flawsight%252Fteam-details%252F%7Ctitle%3ATeam%2520Details%7C%7C%22%2C%22social%22%3A%22%255B%257B%2522icon%2522%253A%2522fa%2520fa-facebook%2522%252C%2522social_link%2522%253A%2522%2523%2522%257D%252C%257B%2522icon%2522%253A%2522fa%2520fa-dribbble%2522%252C%2522social_link%2522%253A%2522%2523%2522%257D%252C%257B%2522icon%2522%253A%2522fa%2520fa-twitter%2522%252C%2522social_link%2522%253A%2522%2523%2522%257D%252C%257B%2522icon%2522%253A%2522fa%2520fa-google-plus%2522%252C%2522social_link%2522%253A%2522%2523%2522%257D%255D%22%7D%2C%7B%22image%22%3A%221586%22%2C%22title%22%3A%22Neobir%20Fro%22%2C%22position%22%3A%22Business%20Lawyer%20%22%2C%22item_link%22%3A%22url%3Ahttp%253A%252F%252Flocalhost%252Fctthemes%252Flawsight%252Fteam-details%252F%7Ctitle%3ATeam%2520Details%7C%7C%22%2C%22social%22%3A%22%255B%257B%2522icon%2522%253A%2522fa%2520fa-facebook%2522%252C%2522social_link%2522%253A%2522%2523%2522%257D%252C%257B%2522icon%2522%253A%2522fa%2520fa-dribbble%2522%252C%2522social_link%2522%253A%2522%2523%2522%257D%252C%257B%2522icon%2522%253A%2522fa%2520fa-twitter%2522%252C%2522social_link%2522%253A%2522%2523%2522%257D%252C%257B%2522icon%2522%253A%2522fa%2520fa-google-plus%2522%252C%2522social_link%2522%253A%2522%2523%2522%257D%255D%22%7D%2C%7B%22image%22%3A%221587%22%2C%22title%22%3A%22Armor%20Byron%22%2C%22position%22%3A%22Criminal%20Lawyer%22%2C%22item_link%22%3A%22url%3Ahttp%253A%252F%252Flocalhost%252Fctthemes%252Flawsight%252Fteam-details%252F%7Ctitle%3ATeam%2520Details%7C%7C%22%2C%22social%22%3A%22%255B%257B%2522icon%2522%253A%2522fa%2520fa-facebook%2522%252C%2522social_link%2522%253A%2522%2523%2522%257D%252C%257B%2522icon%2522%253A%2522fa%2520fa-dribbble%2522%252C%2522social_link%2522%253A%2522%2523%2522%257D%252C%257B%2522icon%2522%253A%2522fa%2520fa-twitter%2522%252C%2522social_link%2522%253A%2522%2523%2522%257D%252C%257B%2522icon%2522%253A%2522fa%2520fa-google-plus%2522%252C%2522social_link%2522%253A%2522%2523%2522%257D%255D%22%7D%5D&#8221; col_xs=&#8221;1&#8243; col_sm=&#8221;2&#8243; col_md=&#8221;3&#8243; col_lg=&#8221;4&#8243; col_xl=&#8221;4&#8243; margin=&#8221;0&#8243; loop=&#8221;true&#8221; autoplay=&#8221;true&#8221; autoplay_timeout=&#8221;10000&#8243; smart_speed=&#8221;500&#8243;][\/vc_column_inner][\/vc_row_inner][\/vc_column][\/vc_row]<\/p>\n","protected":false},"excerpt":{"rendered":"<p>[vc_row full_width=&#8221;stretch_row_content_no_spaces&#8221; content_placement=&#8221;middle&#8221; css=&#8221;.vc_custom_1551717048729{padding-top: 118px !important;padding-bottom: 103px !important;}&#8221;][vc_column ct_column_class=&#8221;rm-padding-lg&#8221; ct_column_offset=&#8221;col-offset-left&#8221; css=&#8221;.vc_custom_1551625642296{padding-top: 0px !important;}&#8221; offset=&#8221;vc_col-lg-6 vc_col-md-6&#8243;][ct_space space_lg=&#8221;46&#8243; space_md=&#8221;46&#8243; space_sm=&#8221;0&#8243; space_xs=&#8221;0&#8243;][ct_heading text=&#8221;Nazwa SGGS Tax &amp; Legal Radcowie Prawni i Doradcy Podatkowi&#8221; font_size_sm=&#8221;24&#8243; font_size_xs=&#8221;24&#8243; font_weight=&#8221;&#8221; show_gap=&#8221;show&#8221; subtitle=&#8221;About us&#8221; description_font_weight=&#8221;inherit&#8221; margin_bottom=&#8221;0&#8243;][vc_column_text css=&#8221;.vc_custom_1636530400854{margin-top: 37px !important;margin-bottom: 40px !important;}&#8221; el_class=&#8221;text-block1&#8243;]Jeste\u015bmy zespo\u0142em radc\u00f3w prawnych oraz doradc\u00f3w podatkowych zajmuj\u0105cym si\u0119 profesjonalnym doradztwem prawnym i [&hellip;]<\/p>\n","protected":false},"author":1,"featured_media":0,"parent":0,"menu_order":0,"comment_status":"closed","ping_status":"closed","template":"","meta":{"footnotes":""},"class_list":["post-246","page","type-page","status-publish","hentry"],"_links":{"self":[{"href":"https:\/\/sggs.pl\/index.php\/wp-json\/wp\/v2\/pages\/246","targetHints":{"allow":["GET"]}}],"collection":[{"href":"https:\/\/sggs.pl\/index.php\/wp-json\/wp\/v2\/pages"}],"about":[{"href":"https:\/\/sggs.pl\/index.php\/wp-json\/wp\/v2\/types\/page"}],"author":[{"embeddable":true,"href":"https:\/\/sggs.pl\/index.php\/wp-json\/wp\/v2\/users\/1"}],"replies":[{"embeddable":true,"href":"https:\/\/sggs.pl\/index.php\/wp-json\/wp\/v2\/comments?post=246"}],"version-history":[{"count":2,"href":"https:\/\/sggs.pl\/index.php\/wp-json\/wp\/v2\/pages\/246\/revisions"}],"predecessor-version":[{"id":1973,"href":"https:\/\/sggs.pl\/index.php\/wp-json\/wp\/v2\/pages\/246\/revisions\/1973"}],"wp:attachment":[{"href":"https:\/\/sggs.pl\/index.php\/wp-json\/wp\/v2\/media?parent=246"}],"curies":[{"name":"wp","href":"https:\/\/api.w.org\/{rel}","templated":true}]}}