{"id":229,"date":"2018-12-25T02:30:45","date_gmt":"2018-12-25T02:30:45","guid":{"rendered":"https:\/\/demo.casethemes.net\/lawsight\/?page_id=229"},"modified":"2021-11-18T12:40:33","modified_gmt":"2021-11-18T12:40:33","slug":"home","status":"publish","type":"page","link":"https:\/\/sggs.pl\/","title":{"rendered":"Home"},"content":{"rendered":"<p>[vc_row][vc_column]\n\t\t\t<!-- START Home2 REVOLUTION SLIDER 6.5.7 --><p class=\"rs-p-wp-fix\"><\/p>\n\t\t\t<rs-module-wrap id=\"rev_slider_2_1_wrapper\" data-source=\"gallery\" style=\"visibility:hidden;background:transparent;padding:0;margin:0px auto;margin-top:0;margin-bottom:0;\">\n\t\t\t\t<rs-module id=\"rev_slider_2_1\" style=\"\" data-version=\"6.5.7\">\n\t\t\t\t\t<rs-slides>\n\t\t\t\t\t\t<rs-slide style=\"position: absolute;\" data-key=\"rs-4\" data-title=\"Slide\" data-in=\"o:0;\" data-out=\"a:false;\">\n\t\t\t\t\t\t\t<img loading=\"lazy\" decoding=\"async\" src=\"\/\/sggs.pl\/wp-content\/plugins\/revslider\/public\/assets\/assets\/dummy.png\" title=\"katowice noca\" width=\"1920\" height=\"1280\" class=\"rev-slidebg tp-rs-img rs-lazyload\" data-lazyload=\"\/\/sggs.pl\/wp-content\/uploads\/2021\/11\/katowice-noca.jpg\" data-parallax=\"3\" data-no-retina>\n<!--\n\t\t\t\t\t\t\t--><rs-group\n\t\t\t\t\t\t\t\tid=\"slider-2-slide-4-layer-1\" \n\t\t\t\t\t\t\t\tdata-type=\"group\"\n\t\t\t\t\t\t\t\tdata-xy=\"x:r,r,c,c;y:m;\"\n\t\t\t\t\t\t\t\tdata-text=\"l:22;a:inherit;\"\n\t\t\t\t\t\t\t\tdata-dim=\"w:1182px,514px,700px,400px;h:450px,450px,350px,260px;\"\n\t\t\t\t\t\t\t\tdata-rsp_bd=\"off\"\n\t\t\t\t\t\t\t\tdata-frame_1=\"sR:10;\"\n\t\t\t\t\t\t\t\tdata-frame_999=\"o:0;st:w;sp:600;sR:8690;sA:9000;\"\n\t\t\t\t\t\t\t\tstyle=\"z-index:6;\"\n\t\t\t\t\t\t\t><!--\n\t\t\t\t\t\t\t\t--><rs-layer\n\t\t\t\t\t\t\t\t\tid=\"slider-2-slide-4-layer-3\" \n\t\t\t\t\t\t\t\t\tdata-type=\"text\"\n\t\t\t\t\t\t\t\t\tdata-xy=\"x:l,l,c,c;xo:10px,0,0,0;yo:207px,-12px,-13px,-9px;\"\n\t\t\t\t\t\t\t\t\tdata-text=\"s:60,60,36,25;l:75,75,50,33;fw:600;a:inherit,inherit,center,center;\"\n\t\t\t\t\t\t\t\t\tdata-rsp_o=\"off\"\n\t\t\t\t\t\t\t\t\tdata-rsp_bd=\"off\"\n\t\t\t\t\t\t\t\t\tdata-frame_0=\"x:50px;\"\n\t\t\t\t\t\t\t\t\tdata-frame_1=\"e:easeOutCubic;st:700;sp:600;sR:690;\"\n\t\t\t\t\t\t\t\t\tdata-frame_999=\"x:-50px;o:0;e:easeOutCirc;st:w;sp:600;sR:7700;\"\n\t\t\t\t\t\t\t\t\tstyle=\"z-index:7;font-family:'Poppins';\"\n\t\t\t\t\t\t\t\t>SGGS Tax &amp; Legal<br\/>\nRadcowie Prawni<br\/>\ni Doradcy Podatkowi \n\t\t\t\t\t\t\t\t<\/rs-layer><!--\n\n\t\t\t\t\t\t\t\t--><rs-layer\n\t\t\t\t\t\t\t\t\tid=\"slider-2-slide-4-layer-4\" \n\t\t\t\t\t\t\t\t\tdata-type=\"text\"\n\t\t\t\t\t\t\t\t\tdata-xy=\"x:l,l,c,c;xo:684px,0,0,0;y:b;yo:51px,0,0,0;\"\n\t\t\t\t\t\t\t\t\tdata-text=\"s:15,15,15,14;l:22;fw:600,400,400,400;a:inherit;\"\n\t\t\t\t\t\t\t\t\tdata-actions='o:click;a:simplelink;target:_self;url:https:\/\/demo.casethemes.net\/lawsight\/contact\/;'\n\t\t\t\t\t\t\t\t\tdata-rsp_o=\"off\"\n\t\t\t\t\t\t\t\t\tdata-rsp_bd=\"off\"\n\t\t\t\t\t\t\t\t\tdata-frame_0=\"y:50px;\"\n\t\t\t\t\t\t\t\t\tdata-frame_1=\"e:easeOutCirc;st:1300;sp:600;sR:1290;\"\n\t\t\t\t\t\t\t\t\tdata-frame_999=\"y:50px;o:0;e:easeOutCirc;st:w;sp:600;sR:7100;\"\n\t\t\t\t\t\t\t\t\tstyle=\"z-index:10;font-family:'Poppins';text-transform:uppercase;cursor:pointer;\"\n\t\t\t\t\t\t\t\t><div class=\"btn\">Skontaktuj si\u0119 z nami<\/div> \n\t\t\t\t\t\t\t\t<\/rs-layer><!--\n\n\t\t\t\t\t\t\t\t--><rs-layer\n\t\t\t\t\t\t\t\t\tid=\"slider-2-slide-4-layer-7\" \n\t\t\t\t\t\t\t\t\tdata-type=\"image\"\n\t\t\t\t\t\t\t\t\tdata-xy=\"xo:21px,0,712px,722px;yo:195px,222px,510px,510px;\"\n\t\t\t\t\t\t\t\t\tdata-text=\"l:22;a:inherit;\"\n\t\t\t\t\t\t\t\t\tdata-dim=\"w:['412px','412px','412px','412px'];h:['3px','3px','3px','3px'];\"\n\t\t\t\t\t\t\t\t\tdata-rsp_o=\"off\"\n\t\t\t\t\t\t\t\t\tdata-rsp_bd=\"off\"\n\t\t\t\t\t\t\t\t\tdata-frame_0=\"y:50px;\"\n\t\t\t\t\t\t\t\t\tdata-frame_1=\"e:easeOutCirc;st:900;sp:600;sR:890;\"\n\t\t\t\t\t\t\t\t\tdata-frame_999=\"y:50px;o:0;e:easeOutCirc;st:w;sp:600;sR:7500;\"\n\t\t\t\t\t\t\t\t\tstyle=\"z-index:8;\"\n\t\t\t\t\t\t\t\t><img loading=\"lazy\" decoding=\"async\" src=\"\/\/sggs.pl\/wp-content\/plugins\/revslider\/public\/assets\/assets\/dummy.png\" class=\"tp-rs-img rs-lazyload\" width=\"412\" height=\"3\" data-lazyload=\"\/\/sggs.pl\/wp-content\/uploads\/2019\/03\/slider-line1.png\" data-no-retina> \n\t\t\t\t\t\t\t\t<\/rs-layer><!--\n\t\t\t\t\t\t\t--><\/rs-group><!--\n-->\t\t\t\t\t\t<\/rs-slide>\n\t\t\t\t\t<\/rs-slides>\n\t\t\t\t<\/rs-module>\n\t\t\t\t<script type=\"text\/javascript\">\n\t\t\t\t\tsetREVStartSize({c: 'rev_slider_2_1',rl:[1240,1024,778,480],el:[480,980,800,600],gw:[1230,1024,778,480],gh:[480,480,800,600],type:'standard',justify:'',layout:'fullwidth',mh:\"0\"});if (window.RS_MODULES!==undefined && window.RS_MODULES.modules!==undefined && window.RS_MODULES.modules[\"revslider21\"]!==undefined) {window.RS_MODULES.modules[\"revslider21\"].once = false;window.revapi2 = undefined;if (window.RS_MODULES.checkMinimal!==undefined) window.RS_MODULES.checkMinimal()}\n\t\t\t\t<\/script>\n\t\t\t<\/rs-module-wrap>\n\t\t\t<!-- END REVOLUTION SLIDER -->\n[\/vc_column][\/vc_row][vc_row full_width=&#8221;stretch_row&#8221; bg_image_position=&#8221;bg-image-ps-bottom&#8221; css=&#8221;.vc_custom_1551776863327{padding-top: 65px !important;padding-bottom: 95px !important;background: #191514 url(https:\/\/demo.casethemes.net\/lawsight\/wp-content\/uploads\/2019\/03\/bg-fancybox.png?id=1650) !important;background-position: center !important;background-repeat: no-repeat !important;background-size: cover !important;}&#8221;][vc_column css_animation=&#8221;fadeInUp&#8221; width=&#8221;1\/3&#8243; css=&#8221;.vc_custom_1551776140051{padding-top: 30px !important;}&#8221;][ct_fancybox icon_list=&#8221;flaticon&#8221; btn_link=&#8221;url:%23|||&#8221; title=&#8221;100% zadowolonych Klient\u00f3w&#8221; icon_flaticon=&#8221;flaticon-teamwork&#8221;][\/vc_column][vc_column css_animation=&#8221;fadeInUp&#8221; width=&#8221;1\/3&#8243; css=&#8221;.vc_custom_1551776131435{padding-top: 30px !important;}&#8221;][ct_fancybox icon_list=&#8221;flaticon&#8221; btn_link=&#8221;url:%23|||&#8221; title=&#8221;Profesjonalizm i wieloletnie do\u015bwiadczenie&#8221; icon_flaticon=&#8221;flaticon-fingerprint&#8221;][\/vc_column][vc_column css_animation=&#8221;fadeInUp&#8221; width=&#8221;1\/3&#8243; css=&#8221;.vc_custom_1551776148153{padding-top: 30px !important;}&#8221;][ct_fancybox icon_list=&#8221;flaticon&#8221; btn_link=&#8221;url:%23|||&#8221; title=&#8221;Wsparcie w pe\u0142nym wymiarze godzin&#8221; icon_flaticon=&#8221;flaticon-on-time-support&#8221;][\/vc_column][\/vc_row][vc_row full_width=&#8221;stretch_row_content_no_spaces&#8221; css=&#8221;.vc_custom_1551779242839{padding-bottom: 120px !important;}&#8221;][vc_column width=&#8221;1\/2&#8243; ct_column_class=&#8221;rm-padding-lg&#8221; ct_column_offset=&#8221;col-offset-left&#8221; css=&#8221;.vc_custom_1551779035306{padding-top: 0px !important;}&#8221;][ct_space space_lg=&#8221;112&#8243; space_md=&#8221;112&#8243; space_sm=&#8221;112&#8243; space_xs=&#8221;112&#8243;][ct_heading text=&#8221;Jeste\u015bmy po to, aby walczy\u0107 o Pa\u0144stwa prawa <cite>skutecznie<\/cite>&#8221; font_size_sm=&#8221;24&#8243; font_size_xs=&#8221;24&#8243; font_weight=&#8221;&#8221; show_gap=&#8221;show&#8221; subtitle=&#8221;O nas&#8221; description_font_weight=&#8221;inherit&#8221; margin_bottom=&#8221;0&#8243;][vc_column_text css=&#8221;.vc_custom_1637231851307{margin-top: 37px !important;margin-bottom: 40px !important;}&#8221; el_class=&#8221;text-block1&#8243;]Jeste\u015bmy zespo\u0142em radc\u00f3w prawnych oraz doradc\u00f3w podatkowych zajmuj\u0105cym si\u0119 profesjonalnym doradztwem prawnym i podatkowym na rzecz podmiot\u00f3w prawa gospodarczego.<\/p>\n<p>Nasze us\u0142ugi skierowane s\u0105 zar\u00f3wno na rzecz przedsi\u0119biorc\u00f3w polskich jak i zagranicznych. Szczeg\u00f3lnym obszarem oferowanej dzia\u0142alno\u015bci s\u0105 wszelkie sprawy zwi\u0105zane z podatkiem VAT, kt\u00f3ry to stanowi ponad 50% dochod\u00f3w podatkowych skarbu pa\u0144stwa, jak r\u00f3wnie\u017c podatki dochodowe (PIT, CIT) i maj\u0105tkowe (w tym cz\u0119sto niedoceniany podatek od nieruchomo\u015bci).[\/vc_column_text][vc_row_inner][vc_column_inner ct_column_inner_class=&#8221;rm-padding-md&#8221; offset=&#8221;vc_col-lg-6 vc_col-md-6&#8243; css=&#8221;.vc_custom_1547049514691{padding-right: 0px !important;}&#8221;][vc_column_text css=&#8221;.vc_custom_1637236722272{margin-bottom: 33px !important;}&#8221;]<\/p>\n<ul class=\"list-arrow\">\n<li>Zaanga\u017cowanie i skuteczno\u015b\u0107<\/li>\n<li>Profesjonalizm<\/li>\n<\/ul>\n<p>[\/vc_column_text][\/vc_column_inner][vc_column_inner ct_column_inner_class=&#8221;rm-padding-md&#8221; offset=&#8221;vc_col-lg-6 vc_col-md-6&#8243; css=&#8221;.vc_custom_1547049521680{padding-right: 0px !important;}&#8221;][vc_column_text css=&#8221;.vc_custom_1637236747099{margin-bottom: 33px !important;}&#8221;]<\/p>\n<ul class=\"list-arrow\">\n<li><span lang=\"PL\">Najwy\u017csza jako\u015b\u0107 us\u0142ug<\/span><\/li>\n<li><span lang=\"PL\">Wieloletnie do\u015bwiadczenie<\/span><\/li>\n<\/ul>\n<p>[\/vc_column_text][\/vc_column_inner][\/vc_row_inner][vc_raw_html css=&#8221;.vc_custom_1637234661861{margin-bottom: 31px !important;}&#8221;]JTNDZGl2JTIwY2xhc3MlM0QlMjJjYWxsLXVzJTIyJTNFJTBBJTA5WmF3c3plJTIwamVzdCUyMGRvYnJ5JTIwbW9tZW50JTJDJTIwJUM1JUJDZWJ5JTIwZG8lMjBuYXMlMjB6YWR6d29uaSVDNCU4NyUyMCUzQ3NwYW4lMjBjbGFzcyUzRCUyMmNhbGwtbnVtYmVyJTIyJTNFNTQwLTMyNS0xNTIzJTIwJTNDc3BhbiUzRW9yJTNDJTJGc3BhbiUzRSUyMDU0MC0zMjgtMTI2NSUzQyUyRnNwYW4lM0UlMEElM0MlMkZkaXYlM0U=[\/vc_raw_html][vc_separator color=&#8221;custom&#8221; style=&#8221;dashed&#8221; accent_color=&#8221;#b7b7b7&#8243; css=&#8221;.vc_custom_1547050658861{margin-bottom: 23px !important;}&#8221;][ct_signature signature_image=&#8221;1656&#8243; title=&#8221;Pawe\u0142 Szczepa\u0144czyk&#8221; position=&#8221;(Radca Prawny i Doradca Podatkowy)&#8221;][ct_space space_lg=&#8221;0&#8243; space_md=&#8221;0&#8243; space_sm=&#8221;0&#8243; space_xs=&#8221;60&#8243;][\/vc_column][vc_column css_animation=&#8221;fadeInRight&#8221; width=&#8221;1\/2&#8243; ct_column_class=&#8221;rm-padding-md&#8221; css=&#8221;.vc_custom_1552030675484{padding-top: 0px !important;padding-left: 105px !important;}&#8221;][ct_box_background_image bg_image=&#8221;1721&#8243;][ct_space space_lg=&#8221;0&#8243; space_md=&#8221;0&#8243; space_sm=&#8221;0&#8243; space_xs=&#8221;50&#8243;][\/vc_column][\/vc_row][vc_row full_width=&#8221;stretch_row&#8221; parallax=&#8221;content-moving&#8221; parallax_image=&#8221;1663&#8243; ct_row_class=&#8221;row-overlay&#8221; css=&#8221;.vc_custom_1551779421542{background-color: rgba(0,0,0,0.9) !important;*background-color: rgb(0,0,0) !important;}&#8221;][vc_column css=&#8221;.vc_custom_1551797677093{padding-top: 112px !important;}&#8221;][vc_row_inner][vc_column_inner width=&#8221;1\/4&#8243;][\/vc_column_inner][vc_column_inner width=&#8221;1\/2&#8243; ct_column_inner_class=&#8221;rm-padding-lg&#8221; css=&#8221;.vc_custom_1551779742241{padding-top: 0px !important;padding-right: 45px !important;padding-bottom: 63px !important;padding-left: 45px !important;}&#8221;][ct_heading text=&#8221;Jeste\u015bmy po to, aby walczy\u0107 o Pa\u0144stwa prawa <cite>skutecznie<\/cite>&#8221; align_lg=&#8221;align-center&#8221; align_md=&#8221;align-center-md&#8221; align_sm=&#8221;align-center-sm&#8221; align_xs=&#8221;align-center-xs&#8221; font_size_sm=&#8221;24&#8243; font_size_xs=&#8221;24&#8243; font_weight=&#8221;&#8221; text_color=&#8221;#ffffff&#8221; show_gap=&#8221;show&#8221; subtitle=&#8221;Nasze us\u0142ugi&#8221; description_font_weight=&#8221;inherit&#8221; margin_bottom=&#8221;0&#8243; el_class=&#8221;sub-color-primary&#8221;][\/vc_column_inner][vc_column_inner width=&#8221;1\/4&#8243;][\/vc_column_inner][\/vc_row_inner][ct_service_grid readmore_text=&#8221;Wi\u0119cej&#8221; service_icon=&#8221;%5B%7B%22icon_type%22%3A%22icon%22%2C%22icon_list%22%3A%22flaticon%22%2C%22icon_flaticon%22%3A%22flaticon-case%22%7D%2C%7B%22icon_type%22%3A%22icon%22%2C%22icon_list%22%3A%22flaticon%22%2C%22icon_flaticon%22%3A%22flaticon-courthouse%22%7D%2C%7B%22icon_type%22%3A%22icon%22%2C%22icon_list%22%3A%22flaticon%22%2C%22icon_flaticon%22%3A%22flaticon-gun%22%7D%2C%7B%22icon_type%22%3A%22icon%22%2C%22icon_list%22%3A%22flaticon%22%2C%22icon_flaticon%22%3A%22flaticon-legal-paper%22%7D%2C%7B%22icon_type%22%3A%22icon%22%2C%22icon_list%22%3A%22flaticon%22%2C%22icon_flaticon%22%3A%22flaticon-open-book%22%7D%2C%7B%22icon_type%22%3A%22icon%22%2C%22icon_list%22%3A%22flaticon%22%2C%22icon_flaticon%22%3A%22flaticon-real-estate%22%7D%5D&#8221; border_color=&#8221;#3d3b3b&#8221; title_color=&#8221;#ffffff&#8221; content_color=&#8221;#999999&#8243; layout=&#8221;masonry&#8221; filter=&#8221;false&#8221; pagination_type=&#8221;false&#8221; col_xs=&#8221;1&#8243; col_sm=&#8221;2&#8243; col_md=&#8221;2&#8243; col_lg=&#8221;3&#8243; col_xl=&#8221;3&#8243;][\/vc_column][\/vc_row][vc_row full_width=&#8221;stretch_row&#8221; bg_image_position=&#8221;bg-image-ps-bottom&#8221; css=&#8221;.vc_custom_1551799669208{background-image: url(https:\/\/demo.casethemes.net\/lawsight\/wp-content\/uploads\/2019\/03\/bg-section-counter1.png?id=1687) !important;background-position: center !important;background-repeat: no-repeat !important;background-size: cover !important;}&#8221;][vc_column css=&#8221;.vc_custom_1551799763630{padding-top: 112px !important;padding-bottom: 120px !important;}&#8221;][vc_row_inner][vc_column_inner width=&#8221;1\/2&#8243; css=&#8221;.vc_custom_1551799600439{padding-top: 0px !important;}&#8221;][ct_heading text=&#8221;Jeste\u015bmy bardzo dumni z naszych <cite>osi\u0105gni\u0119\u0107<\/cite>&#8221; font_size_sm=&#8221;24&#8243; font_size_xs=&#8221;24&#8243; font_weight=&#8221;&#8221; show_gap=&#8221;show&#8221; subtitle=&#8221;Fakty&#8221; description_font_weight=&#8221;inherit&#8221; margin_bottom=&#8221;0&#8243;][\/vc_column_inner][vc_column_inner width=&#8221;1\/4&#8243; css=&#8221;.vc_custom_1551799595620{padding-top: 41px !important;}&#8221;][vc_column_text el_class=&#8221;text-block1&#8243; css=&#8221;.vc_custom_1637237293994{margin-bottom: 0px !important;padding-bottom: 0px !important;}&#8221;][\/vc_column_text][\/vc_column_inner][vc_column_inner width=&#8221;1\/4&#8243; css=&#8221;.vc_custom_1551799588996{padding-top: 41px !important;}&#8221;][vc_column_text el_class=&#8221;text-block1&#8243; css=&#8221;.vc_custom_1637237299020{margin-bottom: 0px !important;padding-bottom: 0px !important;}&#8221;][\/vc_column_text][\/vc_column_inner][\/vc_row_inner][vc_empty_space height=&#8221;0&#8243;][vc_row_inner css=&#8221;.vc_custom_1551799784539{padding-top: 56px !important;}&#8221;][vc_column_inner width=&#8221;1\/2&#8243; css=&#8221;.vc_custom_1551755378373{padding-top: 30px !important;}&#8221; offset=&#8221;vc_col-lg-3 vc_col-md-3&#8243; animation_column=&#8221;fadeInUp&#8221;][ct_counter title=&#8221;Porad w ostatnich<br \/>\n5 latach&#8221; digit=&#8221;1825&#8243; suffix=&#8221;+&#8221;][\/vc_column_inner][vc_column_inner width=&#8221;1\/2&#8243; css=&#8221;.vc_custom_1551755386933{padding-top: 30px !important;}&#8221; offset=&#8221;vc_col-lg-3 vc_col-md-3&#8243; animation_column=&#8221;fadeInUp&#8221;][ct_counter style=&#8221;style2&#8243; title=&#8221;Zadowolonych Klient\u00f3w&#8221; digit=&#8221;532&#8243; suffix=&#8221;+&#8221;][\/vc_column_inner][vc_column_inner width=&#8221;1\/2&#8243; css=&#8221;.vc_custom_1551755396229{padding-top: 30px !important;}&#8221; offset=&#8221;vc_col-lg-3 vc_col-md-3&#8243; animation_column=&#8221;fadeInUp&#8221;][ct_counter title=&#8221;Post\u0119powa\u0144 podatkowych&#8221; digit=&#8221;69&#8243; prefix=&#8221;+&#8221;][\/vc_column_inner][vc_column_inner width=&#8221;1\/2&#8243; css=&#8221;.vc_custom_1551755404431{padding-top: 30px !important;}&#8221; offset=&#8221;vc_col-lg-3 vc_col-md-3&#8243; animation_column=&#8221;fadeInUp&#8221;][ct_counter style=&#8221;style2&#8243; title=&#8221;Wsp\u00f3lnych lat do\u015bwiadczenia&#8221; digit=&#8221;32&#8243; prefix=&#8221;+&#8221;][\/vc_column_inner][\/vc_row_inner][\/vc_column][\/vc_row][vc_row full_width=&#8221;stretch_row&#8221; ct_row_class=&#8221;row-visible&#8221; css=&#8221;.vc_custom_1551751369013{background-color: #191514 !important;}&#8221;][vc_column css=&#8221;.vc_custom_1551752374482{padding-top: 112px !important;}&#8221;][\/vc_column][\/vc_row][vc_row][vc_column css=&#8221;.vc_custom_1551841074511{padding-top: 112px !important;padding-bottom: 90px !important;}&#8221;][ct_heading text=&#8221;Dowiedz si\u0119 wi\u0119cej z<br \/>\nnaszych wpis\u00f3w <cite>na blogu<\/cite>&#8221; font_size_sm=&#8221;24&#8243; font_size_xs=&#8221;24&#8243; font_weight=&#8221;&#8221; show_gap=&#8221;show&#8221; subtitle=&#8221;Aktualno\u015bci&#8221; description_font_weight=&#8221;inherit&#8221; margin_bottom=&#8221;0&#8243;][ct_blog_carousel limit=&#8221;3&#8243; col_xs=&#8221;1&#8243; col_sm=&#8221;2&#8243; col_md=&#8221;3&#8243; col_lg=&#8221;4&#8243; col_xl=&#8221;4&#8243; margin=&#8221;30&#8243;][\/vc_column][\/vc_row]<\/p>\n","protected":false},"excerpt":{"rendered":"<p>[vc_row][vc_column][\/vc_column][\/vc_row][vc_row full_width=&#8221;stretch_row&#8221; bg_image_position=&#8221;bg-image-ps-bottom&#8221; css=&#8221;.vc_custom_1551776863327{padding-top: 65px !important;padding-bottom: 95px !important;background: #191514 url(https:\/\/demo.casethemes.net\/lawsight\/wp-content\/uploads\/2019\/03\/bg-fancybox.png?id=1650) !important;background-position: center !important;background-repeat: no-repeat !important;background-size: cover !important;}&#8221;][vc_column css_animation=&#8221;fadeInUp&#8221; width=&#8221;1\/3&#8243; css=&#8221;.vc_custom_1551776140051{padding-top: 30px !important;}&#8221;][ct_fancybox icon_list=&#8221;flaticon&#8221; btn_link=&#8221;url:%23|||&#8221; title=&#8221;100% zadowolonych Klient\u00f3w&#8221; icon_flaticon=&#8221;flaticon-teamwork&#8221;][\/vc_column][vc_column css_animation=&#8221;fadeInUp&#8221; width=&#8221;1\/3&#8243; css=&#8221;.vc_custom_1551776131435{padding-top: 30px !important;}&#8221;][ct_fancybox icon_list=&#8221;flaticon&#8221; btn_link=&#8221;url:%23|||&#8221; title=&#8221;Profesjonalizm i wieloletnie do\u015bwiadczenie&#8221; icon_flaticon=&#8221;flaticon-fingerprint&#8221;][\/vc_column][vc_column css_animation=&#8221;fadeInUp&#8221; width=&#8221;1\/3&#8243; css=&#8221;.vc_custom_1551776148153{padding-top: 30px !important;}&#8221;][ct_fancybox icon_list=&#8221;flaticon&#8221; btn_link=&#8221;url:%23|||&#8221; title=&#8221;Wsparcie w pe\u0142nym wymiarze godzin&#8221; icon_flaticon=&#8221;flaticon-on-time-support&#8221;][\/vc_column][\/vc_row][vc_row full_width=&#8221;stretch_row_content_no_spaces&#8221; css=&#8221;.vc_custom_1551779242839{padding-bottom: [&hellip;]<\/p>\n","protected":false},"author":1,"featured_media":0,"parent":0,"menu_order":0,"comment_status":"closed","ping_status":"closed","template":"","meta":{"footnotes":""},"class_list":["post-229","page","type-page","status-publish","hentry"],"_links":{"self":[{"href":"https:\/\/sggs.pl\/index.php\/wp-json\/wp\/v2\/pages\/229","targetHints":{"allow":["GET"]}}],"collection":[{"href":"https:\/\/sggs.pl\/index.php\/wp-json\/wp\/v2\/pages"}],"about":[{"href":"https:\/\/sggs.pl\/index.php\/wp-json\/wp\/v2\/types\/page"}],"author":[{"embeddable":true,"href":"https:\/\/sggs.pl\/index.php\/wp-json\/wp\/v2\/users\/1"}],"replies":[{"embeddable":true,"href":"https:\/\/sggs.pl\/index.php\/wp-json\/wp\/v2\/comments?post=229"}],"version-history":[{"count":30,"href":"https:\/\/sggs.pl\/index.php\/wp-json\/wp\/v2\/pages\/229\/revisions"}],"predecessor-version":[{"id":2012,"href":"https:\/\/sggs.pl\/index.php\/wp-json\/wp\/v2\/pages\/229\/revisions\/2012"}],"wp:attachment":[{"href":"https:\/\/sggs.pl\/index.php\/wp-json\/wp\/v2\/media?parent=229"}],"curies":[{"name":"wp","href":"https:\/\/api.w.org\/{rel}","templated":true}]}}